{"id":3930,"date":"2020-04-02T17:34:33","date_gmt":"2020-04-02T17:34:33","guid":{"rendered":"https:\/\/delab.pt\/?page_id=3930"},"modified":"2025-07-07T11:36:58","modified_gmt":"2025-07-07T11:36:58","slug":"estudos-e-projetos","status":"publish","type":"page","link":"https:\/\/delab.pt\/?page_id=3930","title":{"rendered":"Estudos e Projetos"},"content":{"rendered":"<p><div class=\"fusion-fullwidth fullwidth-box fusion-builder-row-1 fusion-flex-container hundred-percent-fullwidth non-hundred-percent-height-scrolling\" style=\"--awb-border-radius-top-left:0px;--awb-border-radius-top-right:0px;--awb-border-radius-bottom-right:0px;--awb-border-radius-bottom-left:0px;--awb-flex-wrap:wrap;\" ><div class=\"fusion-builder-row fusion-row fusion-flex-align-items-flex-start fusion-flex-content-wrap\" style=\"width:104% !important;max-width:104% !important;margin-left: calc(-4% \/ 2 );margin-right: calc(-4% \/ 2 );\"><div class=\"fusion-layout-column fusion_builder_column fusion-builder-column-0 fusion_builder_column_1_1 1_1 fusion-flex-column fusion-flex-align-self-flex-start fusion-column-no-min-height\" style=\"--awb-bg-size:cover;--awb-width-large:100%;--awb-margin-top-large:15px;--awb-spacing-right-large:1.92%;--awb-margin-bottom-large:15px;--awb-spacing-left-large:1.92%;--awb-width-medium:100%;--awb-spacing-right-medium:1.92%;--awb-spacing-left-medium:1.92%;--awb-width-small:100%;--awb-spacing-right-small:1.92%;--awb-spacing-left-small:1.92%;\"><div class=\"fusion-column-wrapper fusion-flex-justify-content-flex-start fusion-content-layout-column\"><div class=\"fusion-title title fusion-title-1 fusion-sep-none fusion-title-center fusion-title-text fusion-title-size-one\"><h1 class=\"fusion-title-heading title-heading-center fusion-responsive-typography-calculated\" style=\"margin:0;--fontSize:117.9;line-height:1;\"><h3 style=\"text-align: center;\">ESTUDOS E PROJETOS<\/h3><\/h1><\/div><div class=\"fusion-separator fusion-full-width-sep\" style=\"align-self: center;margin-left: auto;margin-right: auto;margin-bottom:10px;width:100%;\"><\/div><div class=\"fusion-blog-shortcode fusion-blog-shortcode-1 fusion-blog-archive fusion-blog-layout-grid-wrapper fusion-blog-infinite\"><style type=\"text\/css\">.fusion-blog-shortcode-1 .fusion-blog-layout-grid .fusion-post-grid{padding:20px;}.fusion-blog-shortcode-1 .fusion-posts-container{margin-left: -20px !important; margin-right:-20px !important;}<\/style><div class=\"fusion-posts-container fusion-posts-container-infinite fusion-no-meta-info fusion-blog-rollover fusion-blog-layout-grid fusion-blog-layout-grid-4 isotope fusion-blog-equal-heights\" data-pages=\"1\" data-grid-col-space=\"40\" style=\"margin: -20px -20px 0;min-height:500px;\"><article id=\"blog-1-post-3228\" class=\"fusion-post-grid post-3228 post type-post status-publish format-standard has-post-thumbnail hentry category-estudos-e-projetos-pt-pt\">\n<div class=\"fusion-post-wrapper\" style=\"background-color:rgba(255,255,255,1);border:1px solid #f7f7f7;border-bottom-width:3px;\">\n\n\t\t\t<div class=\"fusion-flexslider flexslider fusion-flexslider-loading fusion-post-slideshow\" style=\"border-color:#f7f7f7;\">\n\t\t<ul class=\"slides\">\n\t\t\t\n\t\t\t\t\t\t\t\t\t\t\t\t\t\t<li><div  class=\"fusion-image-wrapper\" aria-haspopup=\"true\">\n\t\t\t\t<img decoding=\"async\" width=\"617\" height=\"370\" src=\"https:\/\/delab.pt\/wp-content\/uploads\/2019\/02\/hotel_memmo-REV.jpg\" class=\"attachment-full size-full wp-post-image\" alt=\"\" srcset=\"https:\/\/delab.pt\/wp-content\/uploads\/2019\/02\/hotel_memmo-REV-200x120.jpg 200w, https:\/\/delab.pt\/wp-content\/uploads\/2019\/02\/hotel_memmo-REV-400x240.jpg 400w, https:\/\/delab.pt\/wp-content\/uploads\/2019\/02\/hotel_memmo-REV-600x360.jpg 600w, https:\/\/delab.pt\/wp-content\/uploads\/2019\/02\/hotel_memmo-REV.jpg 617w\" sizes=\"(min-width: 2200px) 100vw, (min-width: 1216px) 289px, (min-width: 1024px) 385px, (min-width: 832px) 578px, (min-width: 640px) 832px, \" \/><div class=\"fusion-rollover\">\n\t<div class=\"fusion-rollover-content\">\n\n\t\t\t\t\n\t\t\n\t\t\t\t\t\t\t\t\t\t\t\t<h4 class=\"fusion-rollover-title\">\n\t\t\t\t\t<a class=\"fusion-rollover-title-link\" href=\"https:\/\/delab.pt\/?p=3228\">\n\t\t\t\t\t\tMEMMO BALEEIRA HOTELARIA E TURISMO\t\t\t\t\t<\/a>\n\t\t\t\t<\/h4>\n\t\t\t\n\t\t\t\t\t\t\t\t\n\t\t\n\t\t\t\t\t\t<a class=\"fusion-link-wrapper\" href=\"https:\/\/delab.pt\/?p=3228\" aria-label=\"MEMMO BALEEIRA HOTELARIA E TURISMO\"><\/a>\n\t<\/div>\n<\/div>\n<\/div>\n<\/li>\n\t\t\t\n\t\t\t\n\t\t\t\t\t\t\t\t\t\t\t\t\t\t\t\t\t\t\t\t\t\t\t\t\t\t\t\t\t\t\t\t\t\t\t\t\t\t\t\t\t\t\t\t\t\t\t\t\t\t\t\t\t\t\t\t\t\t\t\t\t\t\t\t\t\t\t\t<\/ul>\n\t<\/div>\n\t<div class=\"fusion-post-content-wrapper\" style=\"padding:32px 30px 22px 30px;\"><div class=\"fusion-post-content post-content\"><h2 class=\"blog-shortcode-post-title entry-title\"><a href=\"https:\/\/delab.pt\/?p=3228\">MEMMO BALEEIRA HOTELARIA E TURISMO<\/a><\/h2><div class=\"fusion-post-content-container\"><p>O Hotel Memmo Baleeira \u00e9 um Hotel de 4 estrelas, com 144 quartos e que se encontra integrado no Parque Natural da Costa Vicentina, mais[...]<\/p><\/div><\/div><\/div><div class=\"fusion-clearfix\"><\/div><\/div>\n<\/article>\n<article id=\"blog-1-post-3223\" class=\"fusion-post-grid post-3223 post type-post status-publish format-standard has-post-thumbnail hentry category-estudos-e-projetos-pt-pt\">\n<div class=\"fusion-post-wrapper\" style=\"background-color:rgba(255,255,255,1);border:1px solid #f7f7f7;border-bottom-width:3px;\">\n\n\t\t\t<div class=\"fusion-flexslider flexslider fusion-flexslider-loading fusion-post-slideshow\" style=\"border-color:#f7f7f7;\">\n\t\t<ul class=\"slides\">\n\t\t\t\n\t\t\t\t\t\t\t\t\t\t\t\t\t\t<li><div  class=\"fusion-image-wrapper\" aria-haspopup=\"true\">\n\t\t\t\t<img decoding=\"async\" width=\"292\" height=\"172\" src=\"https:\/\/delab.pt\/wp-content\/uploads\/2020\/03\/Pavilhoes-Industriais-.png\" class=\"attachment-full size-full wp-post-image\" alt=\"\" srcset=\"https:\/\/delab.pt\/wp-content\/uploads\/2020\/03\/Pavilhoes-Industriais--200x118.png 200w, https:\/\/delab.pt\/wp-content\/uploads\/2020\/03\/Pavilhoes-Industriais-.png 292w\" sizes=\"(min-width: 2200px) 100vw, (min-width: 1216px) 289px, (min-width: 1024px) 385px, (min-width: 832px) 578px, (min-width: 640px) 832px, \" \/><div class=\"fusion-rollover\">\n\t<div class=\"fusion-rollover-content\">\n\n\t\t\t\t\n\t\t\n\t\t\t\t\t\t\t\t\t\t\t\t<h4 class=\"fusion-rollover-title\">\n\t\t\t\t\t<a class=\"fusion-rollover-title-link\" href=\"https:\/\/delab.pt\/?p=3223\">\n\t\t\t\t\t\tCARRILHO DE ALMEIDA INVESTIMENTOS IMOBILI\u00c1RIOS\t\t\t\t\t<\/a>\n\t\t\t\t<\/h4>\n\t\t\t\n\t\t\t\t\t\t\t\t\n\t\t\n\t\t\t\t\t\t<a class=\"fusion-link-wrapper\" href=\"https:\/\/delab.pt\/?p=3223\" aria-label=\"CARRILHO DE ALMEIDA INVESTIMENTOS IMOBILI\u00c1RIOS\"><\/a>\n\t<\/div>\n<\/div>\n<\/div>\n<\/li>\n\t\t\t\n\t\t\t\n\t\t\t\t\t\t\t\t\t\t\t\t\t\t\t\t\t\t\t\t\t\t\t\t\t\t\t\t\t\t\t\t\t\t\t\t\t\t\t\t\t\t\t\t\t\t\t\t\t\t\t\t\t\t\t\t\t\t\t\t\t\t\t\t\t\t\t\t<\/ul>\n\t<\/div>\n\t<div class=\"fusion-post-content-wrapper\" style=\"padding:32px 30px 22px 30px;\"><div class=\"fusion-post-content post-content\"><h2 class=\"blog-shortcode-post-title entry-title\"><a href=\"https:\/\/delab.pt\/?p=3223\">CARRILHO DE ALMEIDA INVESTIMENTOS IMOBILI\u00c1RIOS<\/a><\/h2><div class=\"fusion-post-content-container\"><p>A Carrilho de Almeida Investimentos Imobili\u00e1rios, Lda pretende recuperar um pavilh\u00e3o industrial que se encontra desativado na Venda Nova, concelho da Amadora, com o objetivo[...]<\/p><\/div><\/div><\/div><div class=\"fusion-clearfix\"><\/div><\/div>\n<\/article>\n<article id=\"blog-1-post-2597\" class=\"fusion-post-grid post-2597 post type-post status-publish format-standard has-post-thumbnail hentry category-estudos-e-projetos-pt-pt\">\n<div class=\"fusion-post-wrapper\" style=\"background-color:rgba(255,255,255,1);border:1px solid #f7f7f7;border-bottom-width:3px;\">\n\n\t\t\t<div class=\"fusion-flexslider flexslider fusion-flexslider-loading fusion-post-slideshow\" style=\"border-color:#f7f7f7;\">\n\t\t<ul class=\"slides\">\n\t\t\t\n\t\t\t\t\t\t\t\t\t\t\t\t\t\t<li><div  class=\"fusion-image-wrapper\" aria-haspopup=\"true\">\n\t\t\t\t<img decoding=\"async\" width=\"1920\" height=\"1080\" src=\"https:\/\/delab.pt\/wp-content\/uploads\/2019\/02\/cm_lisboa.jpg\" class=\"attachment-full size-full wp-post-image\" alt=\"\" srcset=\"https:\/\/delab.pt\/wp-content\/uploads\/2019\/02\/cm_lisboa-200x113.jpg 200w, https:\/\/delab.pt\/wp-content\/uploads\/2019\/02\/cm_lisboa-400x225.jpg 400w, https:\/\/delab.pt\/wp-content\/uploads\/2019\/02\/cm_lisboa-600x338.jpg 600w, https:\/\/delab.pt\/wp-content\/uploads\/2019\/02\/cm_lisboa-800x450.jpg 800w, https:\/\/delab.pt\/wp-content\/uploads\/2019\/02\/cm_lisboa-1200x675.jpg 1200w, https:\/\/delab.pt\/wp-content\/uploads\/2019\/02\/cm_lisboa.jpg 1920w\" sizes=\"(min-width: 2200px) 100vw, (min-width: 1216px) 289px, (min-width: 1024px) 385px, (min-width: 832px) 578px, (min-width: 640px) 832px, \" \/><div class=\"fusion-rollover\">\n\t<div class=\"fusion-rollover-content\">\n\n\t\t\t\t\n\t\t\n\t\t\t\t\t\t\t\t\t\t\t\t<h4 class=\"fusion-rollover-title\">\n\t\t\t\t\t<a class=\"fusion-rollover-title-link\" href=\"https:\/\/delab.pt\/?p=2597\">\n\t\t\t\t\t\tC\u00c2MARA MUNICIPAL DE LISBOA\t\t\t\t\t<\/a>\n\t\t\t\t<\/h4>\n\t\t\t\n\t\t\t\t\t\t\t\t\n\t\t\n\t\t\t\t\t\t<a class=\"fusion-link-wrapper\" href=\"https:\/\/delab.pt\/?p=2597\" aria-label=\"C\u00c2MARA MUNICIPAL DE LISBOA\"><\/a>\n\t<\/div>\n<\/div>\n<\/div>\n<\/li>\n\t\t\t\n\t\t\t\n\t\t\t\t\t\t\t\t\t\t\t\t\t\t\t\t\t\t\t\t\t\t\t\t\t\t\t\t\t\t\t\t\t\t\t\t\t\t\t\t\t\t\t\t\t\t\t\t\t\t\t\t\t\t\t\t\t\t\t\t\t\t\t\t\t\t\t\t<\/ul>\n\t<\/div>\n\t<div class=\"fusion-post-content-wrapper\" style=\"padding:32px 30px 22px 30px;\"><div class=\"fusion-post-content post-content\"><h2 class=\"blog-shortcode-post-title entry-title\"><a href=\"https:\/\/delab.pt\/?p=2597\">C\u00c2MARA MUNICIPAL DE LISBOA<\/a><\/h2><div class=\"fusion-post-content-container\"><p>A Piscina Municipal do Alvito \u00e9 uma infraestrutura desportiva, aberta a toda a popula\u00e7\u00e3o, que promove a pr\u00e1tica de atividades aqu\u00e1ticas e que se localiza[...]<\/p><\/div><\/div><\/div><div class=\"fusion-clearfix\"><\/div><\/div>\n<\/article>\n<div class=\"fusion-clearfix\"><\/div><\/div><\/div><\/div><\/div><\/div><\/div><div id=\"#contactos\" class=\"fusion-container-anchor\"><div class=\"fusion-bg-parallax\" data-bg-align=\"left top\" data-direction=\"up\" data-mute=\"false\" data-opacity=\"100\" data-velocity=\"-0.5\" data-mobile-enabled=\"false\" data-break_parents=\"0\" data-bg-image=\"https:\/\/delab.pt\/wp-content\/uploads\/2019\/01\/banner_footer_1.jpg\" data-bg-repeat=\"false\" data-bg-color=\"#2b313c\" ><\/div><div class=\"fusion-fullwidth fullwidth-box fusion-builder-row-2 fusion-flex-container fusion-parallax-up nonhundred-percent-fullwidth non-hundred-percent-height-scrolling\" style=\"--awb-background-position:left top;--awb-border-sizes-top:0px;--awb-border-sizes-bottom:0px;--awb-border-sizes-left:0px;--awb-border-sizes-right:0px;--awb-border-radius-top-left:0px;--awb-border-radius-top-right:0px;--awb-border-radius-bottom-right:0px;--awb-border-radius-bottom-left:0px;--awb-padding-top:100px;--awb-padding-bottom:60px;--awb-background-color:#2b313c;--awb-background-image:url(&quot;https:\/\/delab.pt\/wp-content\/uploads\/2019\/01\/banner_footer_1.jpg&quot;);--awb-background-size:cover;--awb-flex-wrap:wrap;\" ><div class=\"fusion-builder-row fusion-row fusion-flex-align-items-flex-start fusion-flex-content-wrap\" style=\"max-width:1326px;margin-left: calc(-4% \/ 2 );margin-right: calc(-4% \/ 2 );\"><div class=\"fusion-layout-column fusion_builder_column fusion-builder-column-1 fusion_builder_column_1_3 1_3 fusion-flex-column\" style=\"--awb-bg-size:cover;--awb-width-large:33.333333333333%;--awb-margin-top-large:15px;--awb-spacing-right-large:3.84%;--awb-margin-bottom-large:15px;--awb-spacing-left-large:5.76%;--awb-width-medium:33.333333333333%;--awb-spacing-right-medium:3.84%;--awb-spacing-left-medium:5.76%;--awb-width-small:100%;--awb-spacing-right-small:1.92%;--awb-spacing-left-small:1.92%;\"><div class=\"fusion-column-wrapper fusion-flex-justify-content-flex-start fusion-content-layout-column\"><div class=\"fusion-text fusion-text-1\"><h3 style=\"text-align: center;\"><span style=\"color: #f3c543;\">FALE CONNOSCO<\/span><\/h3>\n<\/div><div class=\"fusion-separator fusion-full-width-sep\" style=\"align-self: center;margin-left: auto;margin-right: auto;margin-top:20px;margin-bottom:20px;width:100%;\"><\/div><div class=\"fusion-text fusion-text-2\"><h4><span style=\"color: #ffffff;\">JF DIGITAL ENERGY, LDA<\/span><\/h4>\n<p><em><span style=\"color: #ffffff; font-size: 16px;\"><strong>Sede social:<\/strong> <\/span><\/em><em><span style=\"color: #ffffff; font-size: 16px;\">Centro de Neg\u00f3cios da AIP-CCI, Piso 2 sala 19\/20 Pra\u00e7a das Ind\u00fastrias, 1300-307 Lisboa<\/span><\/em><\/p>\n<p><em><span style=\"color: #ffffff; font-size: 16px;\"><span style=\"color: #fdc300;\">tel:<\/span> 211 998 260 <\/span><\/em><br \/>\n<em><span style=\"color: #ffffff; font-size: 16px;\"><span style=\"color: #fdc300;\">mail:<\/span> geral@delab.pt<\/span><\/em><\/p>\n<\/div><\/div><\/div><div class=\"fusion-layout-column fusion_builder_column fusion-builder-column-2 fusion_builder_column_2_3 2_3 fusion-flex-column\" style=\"--awb-bg-size:cover;--awb-width-large:66.666666666667%;--awb-margin-top-large:15px;--awb-spacing-right-large:2.88%;--awb-margin-bottom-large:15px;--awb-spacing-left-large:3.84%;--awb-width-medium:66.666666666667%;--awb-spacing-right-medium:2.88%;--awb-spacing-left-medium:3.84%;--awb-width-small:100%;--awb-spacing-right-small:1.92%;--awb-spacing-left-small:1.92%;\"><div class=\"fusion-column-wrapper fusion-flex-justify-content-flex-start fusion-content-layout-column\">\n<div class=\"wpcf7 no-js\" id=\"wpcf7-f1146-o1\" lang=\"en-US\" dir=\"ltr\" data-wpcf7-id=\"1146\">\n<div class=\"screen-reader-response\"><p role=\"status\" aria-live=\"polite\" aria-atomic=\"true\"><\/p> <ul><\/ul><\/div>\n<form action=\"\/index.php?rest_route=%2Fwp%2Fv2%2Fpages%2F3930#wpcf7-f1146-o1\" method=\"post\" class=\"wpcf7-form init\" aria-label=\"Contact form\" novalidate=\"novalidate\" data-status=\"init\">\n<fieldset class=\"hidden-fields-container\"><input type=\"hidden\" name=\"_wpcf7\" value=\"1146\" \/><input type=\"hidden\" name=\"_wpcf7_version\" value=\"6.1.4\" \/><input type=\"hidden\" name=\"_wpcf7_locale\" value=\"en_US\" \/><input type=\"hidden\" name=\"_wpcf7_unit_tag\" value=\"wpcf7-f1146-o1\" \/><input type=\"hidden\" name=\"_wpcf7_container_post\" value=\"0\" \/><input type=\"hidden\" name=\"_wpcf7_posted_data_hash\" value=\"\" \/><input type=\"hidden\" name=\"_wpcf7_recaptcha_response\" value=\"\" \/>\n<\/fieldset>\n<div style=\"color: #fff;\">\n\t<div class=\"fusion-one-half fusion-layout-column fusion-spacing-yes\">\n\t\t<p>NOME<br \/>\n<span class=\"wpcf7-form-control-wrap\" data-name=\"your-name\"><input size=\"40\" maxlength=\"400\" class=\"wpcf7-form-control wpcf7-text wpcf7-validates-as-required\" aria-required=\"true\" aria-invalid=\"false\" value=\"\" type=\"text\" name=\"your-name\" \/><\/span>\n\t\t<\/p>\n\t<\/div>\n\t<div class=\"fusion-one-half fusion-layout-column fusion-column-last fusion-spacing-yes\">\n\t\t<p>EMAIL<br \/>\n<span class=\"wpcf7-form-control-wrap\" data-name=\"your-email\"><input size=\"40\" maxlength=\"400\" class=\"wpcf7-form-control wpcf7-email wpcf7-validates-as-required wpcf7-text wpcf7-validates-as-email\" aria-required=\"true\" aria-invalid=\"false\" value=\"\" type=\"email\" name=\"your-email\" \/><\/span>\n\t\t<\/p>\n\t<\/div>\n\t<p>ASSUNTO<br \/>\n<span class=\"wpcf7-form-control-wrap\" data-name=\"your-subject\"><input size=\"40\" maxlength=\"400\" class=\"wpcf7-form-control wpcf7-text wpcf7-validates-as-required\" aria-required=\"true\" aria-invalid=\"false\" value=\"\" type=\"text\" name=\"your-subject\" \/><\/span>\n\t<\/p>\n\t<p>MENSAGEM\n\t<\/p>\n\t<p><span class=\"wpcf7-form-control-wrap\" data-name=\"your-message\"><textarea cols=\"40\" rows=\"10\" maxlength=\"2000\" class=\"wpcf7-form-control wpcf7-textarea\" aria-invalid=\"false\" name=\"your-message\"><\/textarea><\/span>\n\t<\/p>\n\t<p><span class=\"wpcf7-form-control-wrap\" data-name=\"acceptance-100\"><span class=\"wpcf7-form-control wpcf7-acceptance optional\"><span class=\"wpcf7-list-item\"><label><input type=\"checkbox\" name=\"acceptance-100\" value=\"1\" aria-invalid=\"false\" \/><span class=\"wpcf7-list-item-label\">Li e aceito a <a href=\"https:\/\/delab.pt\/politica-de-privacidade\/\">Pol\u00edtica de Privacidade da Delab<\/a>, e autorizo o tratamento dos meus dados pessoais para efeitos de contacto.<\/span><\/label><\/span><\/span><\/span>\n\t<\/p>\n\t<p><input class=\"wpcf7-form-control wpcf7-submit has-spinner\" type=\"submit\" value=\"ENVIAR\" \/>\n\t<\/p>\n<\/div><div class=\"fusion-alert alert custom alert-custom fusion-alert-center wpcf7-response-output fusion-alert-capitalize awb-alert-native-link-color alert-dismissable awb-alert-close-boxed\" style=\"--awb-border-size:1px;--awb-border-top-left-radius:0px;--awb-border-top-right-radius:0px;--awb-border-bottom-left-radius:0px;--awb-border-bottom-right-radius:0px;\" role=\"alert\"><div class=\"fusion-alert-content-wrapper\"><span class=\"fusion-alert-content\"><\/span><\/div><button type=\"button\" class=\"close toggle-alert\" data-dismiss=\"alert\" aria-label=\"Close\">&times;<\/button><\/div>\n<\/form>\n<\/div>\n<\/div><\/div><\/div><\/div><\/div>\n<\/p>\n","protected":false},"excerpt":{"rendered":"<p>yes<\/p>\n","protected":false},"author":8,"featured_media":0,"parent":2550,"menu_order":0,"comment_status":"closed","ping_status":"closed","template":"100-width.php","meta":{"footnotes":""},"class_list":["post-3930","page","type-page","status-publish","hentry"],"yoast_head":"<!-- This site is optimized with the Yoast SEO plugin v26.7 - https:\/\/yoast.com\/wordpress\/plugins\/seo\/ -->\n<title>Estudos e Projetos - Delab | Jesus Ferreira Consultores<\/title>\n<meta name=\"robots\" content=\"index, follow, max-snippet:-1, max-image-preview:large, max-video-preview:-1\" \/>\n<link rel=\"canonical\" href=\"https:\/\/delab.pt\/?page_id=3930\" \/>\n<meta property=\"og:locale\" content=\"pt_PT\" \/>\n<meta property=\"og:type\" content=\"article\" \/>\n<meta property=\"og:title\" content=\"Estudos e Projetos - Delab | Jesus Ferreira Consultores\" \/>\n<meta property=\"og:description\" content=\"yes\" \/>\n<meta property=\"og:url\" content=\"https:\/\/delab.pt\/?page_id=3930\" \/>\n<meta property=\"og:site_name\" content=\"Delab | Jesus Ferreira Consultores\" \/>\n<meta property=\"article:modified_time\" content=\"2025-07-07T11:36:58+00:00\" \/>\n<meta name=\"twitter:card\" content=\"summary_large_image\" \/>\n<meta name=\"twitter:label1\" content=\"Tempo estimado de leitura\" \/>\n\t<meta name=\"twitter:data1\" content=\"2 minutos\" \/>\n<script type=\"application\/ld+json\" class=\"yoast-schema-graph\">{\"@context\":\"https:\/\/schema.org\",\"@graph\":[{\"@type\":\"WebPage\",\"@id\":\"https:\/\/delab.pt\/?page_id=3930\",\"url\":\"https:\/\/delab.pt\/?page_id=3930\",\"name\":\"Estudos e Projetos - Delab | Jesus Ferreira Consultores\",\"isPartOf\":{\"@id\":\"https:\/\/delab.pt\/#website\"},\"datePublished\":\"2020-04-02T17:34:33+00:00\",\"dateModified\":\"2025-07-07T11:36:58+00:00\",\"breadcrumb\":{\"@id\":\"https:\/\/delab.pt\/?page_id=3930#breadcrumb\"},\"inLanguage\":\"pt-PT\",\"potentialAction\":[{\"@type\":\"ReadAction\",\"target\":[\"https:\/\/delab.pt\/?page_id=3930\"]}]},{\"@type\":\"BreadcrumbList\",\"@id\":\"https:\/\/delab.pt\/?page_id=3930#breadcrumb\",\"itemListElement\":[{\"@type\":\"ListItem\",\"position\":1,\"name\":\"In\u00edcio\",\"item\":\"https:\/\/delab.pt\/\"},{\"@type\":\"ListItem\",\"position\":2,\"name\":\"Projetos\",\"item\":\"https:\/\/delab.pt\/?page_id=2550\"},{\"@type\":\"ListItem\",\"position\":3,\"name\":\"Estudos e Projetos\"}]},{\"@type\":\"WebSite\",\"@id\":\"https:\/\/delab.pt\/#website\",\"url\":\"https:\/\/delab.pt\/\",\"name\":\"Delab | Jesus Ferreira Consultores\",\"description\":\"\",\"potentialAction\":[{\"@type\":\"SearchAction\",\"target\":{\"@type\":\"EntryPoint\",\"urlTemplate\":\"https:\/\/delab.pt\/?s={search_term_string}\"},\"query-input\":{\"@type\":\"PropertyValueSpecification\",\"valueRequired\":true,\"valueName\":\"search_term_string\"}}],\"inLanguage\":\"pt-PT\"}]}<\/script>\n<!-- \/ Yoast SEO plugin. -->","yoast_head_json":{"title":"Estudos e Projetos - Delab | Jesus Ferreira Consultores","robots":{"index":"index","follow":"follow","max-snippet":"max-snippet:-1","max-image-preview":"max-image-preview:large","max-video-preview":"max-video-preview:-1"},"canonical":"https:\/\/delab.pt\/?page_id=3930","og_locale":"pt_PT","og_type":"article","og_title":"Estudos e Projetos - Delab | Jesus Ferreira Consultores","og_description":"yes","og_url":"https:\/\/delab.pt\/?page_id=3930","og_site_name":"Delab | Jesus Ferreira Consultores","article_modified_time":"2025-07-07T11:36:58+00:00","twitter_card":"summary_large_image","twitter_misc":{"Tempo estimado de leitura":"2 minutos"},"schema":{"@context":"https:\/\/schema.org","@graph":[{"@type":"WebPage","@id":"https:\/\/delab.pt\/?page_id=3930","url":"https:\/\/delab.pt\/?page_id=3930","name":"Estudos e Projetos - Delab | Jesus Ferreira Consultores","isPartOf":{"@id":"https:\/\/delab.pt\/#website"},"datePublished":"2020-04-02T17:34:33+00:00","dateModified":"2025-07-07T11:36:58+00:00","breadcrumb":{"@id":"https:\/\/delab.pt\/?page_id=3930#breadcrumb"},"inLanguage":"pt-PT","potentialAction":[{"@type":"ReadAction","target":["https:\/\/delab.pt\/?page_id=3930"]}]},{"@type":"BreadcrumbList","@id":"https:\/\/delab.pt\/?page_id=3930#breadcrumb","itemListElement":[{"@type":"ListItem","position":1,"name":"In\u00edcio","item":"https:\/\/delab.pt\/"},{"@type":"ListItem","position":2,"name":"Projetos","item":"https:\/\/delab.pt\/?page_id=2550"},{"@type":"ListItem","position":3,"name":"Estudos e Projetos"}]},{"@type":"WebSite","@id":"https:\/\/delab.pt\/#website","url":"https:\/\/delab.pt\/","name":"Delab | Jesus Ferreira Consultores","description":"","potentialAction":[{"@type":"SearchAction","target":{"@type":"EntryPoint","urlTemplate":"https:\/\/delab.pt\/?s={search_term_string}"},"query-input":{"@type":"PropertyValueSpecification","valueRequired":true,"valueName":"search_term_string"}}],"inLanguage":"pt-PT"}]}},"_links":{"self":[{"href":"https:\/\/delab.pt\/index.php?rest_route=\/wp\/v2\/pages\/3930","targetHints":{"allow":["GET"]}}],"collection":[{"href":"https:\/\/delab.pt\/index.php?rest_route=\/wp\/v2\/pages"}],"about":[{"href":"https:\/\/delab.pt\/index.php?rest_route=\/wp\/v2\/types\/page"}],"author":[{"embeddable":true,"href":"https:\/\/delab.pt\/index.php?rest_route=\/wp\/v2\/users\/8"}],"replies":[{"embeddable":true,"href":"https:\/\/delab.pt\/index.php?rest_route=%2Fwp%2Fv2%2Fcomments&post=3930"}],"version-history":[{"count":7,"href":"https:\/\/delab.pt\/index.php?rest_route=\/wp\/v2\/pages\/3930\/revisions"}],"predecessor-version":[{"id":4958,"href":"https:\/\/delab.pt\/index.php?rest_route=\/wp\/v2\/pages\/3930\/revisions\/4958"}],"up":[{"embeddable":true,"href":"https:\/\/delab.pt\/index.php?rest_route=\/wp\/v2\/pages\/2550"}],"wp:attachment":[{"href":"https:\/\/delab.pt\/index.php?rest_route=%2Fwp%2Fv2%2Fmedia&parent=3930"}],"curies":[{"name":"wp","href":"https:\/\/api.w.org\/{rel}","templated":true}]}}