{"id":4934,"date":"2025-07-07T11:10:13","date_gmt":"2025-07-07T11:10:13","guid":{"rendered":"https:\/\/delab.pt\/?page_id=4934"},"modified":"2025-07-07T11:11:14","modified_gmt":"2025-07-07T11:11:14","slug":"politica-de-privacidade","status":"publish","type":"page","link":"https:\/\/delab.pt\/?page_id=4934","title":{"rendered":"Pol\u00edtica de Privacidade"},"content":{"rendered":"<div class=\"fusion-fullwidth fullwidth-box fusion-builder-row-1 fusion-flex-container has-pattern-background has-mask-background nonhundred-percent-fullwidth non-hundred-percent-height-scrolling\" style=\"--awb-border-radius-top-left:0px;--awb-border-radius-top-right:0px;--awb-border-radius-bottom-right:0px;--awb-border-radius-bottom-left:0px;--awb-flex-wrap:wrap;\" ><div class=\"fusion-builder-row fusion-row fusion-flex-align-items-flex-start fusion-flex-content-wrap\" style=\"max-width:1326px;margin-left: calc(-4% \/ 2 );margin-right: calc(-4% \/ 2 );\"><div class=\"fusion-layout-column fusion_builder_column fusion-builder-column-0 fusion_builder_column_1_1 1_1 fusion-flex-column\" style=\"--awb-bg-size:cover;--awb-width-large:100%;--awb-margin-top-large:15px;--awb-spacing-right-large:1.92%;--awb-margin-bottom-large:15px;--awb-spacing-left-large:1.92%;--awb-width-medium:100%;--awb-order-medium:0;--awb-spacing-right-medium:1.92%;--awb-spacing-left-medium:1.92%;--awb-width-small:100%;--awb-order-small:0;--awb-spacing-right-small:1.92%;--awb-spacing-left-small:1.92%;\"><div class=\"fusion-column-wrapper fusion-column-has-shadow fusion-flex-justify-content-flex-start fusion-content-layout-column\"><div class=\"fusion-text fusion-text-1\"><h3 style=\"text-align: left;\">Pol\u00edtica de Privacidade \u2013 Delab<\/h3>\n<p><em>Respons\u00e1vel pelo Tratamento<\/em><\/p>\n<p><em>A entidade respons\u00e1vel pelo tratamento dos seus dados \u00e9:<br \/>\n<\/em><em>JF Digital Energy Lda<\/em><\/p>\n<p><em>Centro Neg\u00f3cios AIP-CCI, piso 2 salas 19\/20 &#8211; Pra\u00e7a Ind\u00fastrias &#8211; Lisboa &#8211; CP: 1300-307\u00a0<\/em><\/p>\n<p><em>NIF 514826800<\/em><\/p>\n<p><em>Finalidade da Recolha de Dados<\/em><\/p>\n<p><em>Os dados pessoais fornecidos atrav\u00e9s do nosso formul\u00e1rio de contacto ser\u00e3o utilizados exclusivamente para:<br \/>\n&#8211; Responder ao seu pedido ou mensagem;<br \/>\n&#8211; Fornecer informa\u00e7\u00f5es sobre os nossos servi\u00e7os, quando solicitado.<\/em><\/p>\n<p><em>Dados Recolhidos<\/em><\/p>\n<p><em>Poderemos recolher:<br \/>\n&#8211; Nome<br \/>\n&#8211; Email<br \/>\n&#8211; Empresa<br \/>\n&#8211; Mensagem<br \/>\nN\u00e3o utilizamos os dados para envio de comunica\u00e7\u00f5es comerciais n\u00e3o solicitadas.<\/em><\/p>\n<p><em>Base Legal para o Tratamento<\/em><\/p>\n<p><em>O tratamento baseia-se no seu consentimento expl\u00edcito, prestado ao submeter o formul\u00e1rio.<\/em><\/p>\n<p><em>Conserva\u00e7\u00e3o dos Dados<\/em><\/p>\n<p><em>Os dados ser\u00e3o conservados pelo per\u00edodo estritamente necess\u00e1rio para dar resposta ao seu pedido, ou at\u00e9 que exer\u00e7a o direito de apagamento.<\/em><\/p>\n<p><em>Partilha de Dados<\/em><\/p>\n<p><em>Os seus dados n\u00e3o ser\u00e3o partilhados com terceiros, exceto se necess\u00e1rio para o cumprimento de obriga\u00e7\u00f5es legais.<\/em><\/p>\n<p><em>Os Seus Direitos<\/em><\/p>\n<p><em>Nos termos do RGPD, tem direito a:<br \/>\n&#8211; Aceder aos seus dados;<br \/>\n&#8211; Retificar dados incorretos ou desatualizados;<br \/>\n&#8211; Apagar os seus dados (\u201cdireito ao esquecimento\u201d);<br \/>\n&#8211; Limitar ou opor-se ao tratamento;<br \/>\n&#8211; Retirar o consentimento a qualquer momento.<\/em><\/p>\n<p>Pode exercer estes direitos atrav\u00e9s do email: <a href=\"mailto:geral@delab.pt\"><em>geral@delab.pt<\/em><\/a><\/p>\n<p><em>Seguran\u00e7a dos Dados<\/em><\/p>\n<p><em>Implementamos medidas t\u00e9cnicas e organizativas adequadas para garantir a seguran\u00e7a e confidencialidade dos seus dados.<\/em><\/p>\n<p><em>Altera\u00e7\u00f5es a esta Pol\u00edtica<\/em><\/p>\n<p><em>A Delab poder\u00e1 atualizar esta Pol\u00edtica de Privacidade periodicamente. A vers\u00e3o mais recente estar\u00e1 sempre dispon\u00edvel no nosso site.<\/em><\/p>\n<\/div><\/div><\/div><\/div><\/div>\n","protected":false},"excerpt":{"rendered":"","protected":false},"author":4,"featured_media":0,"parent":0,"menu_order":0,"comment_status":"closed","ping_status":"closed","template":"100-width.php","meta":{"footnotes":""},"class_list":["post-4934","page","type-page","status-publish","hentry"],"yoast_head":"<!-- This site is optimized with the Yoast SEO plugin v26.7 - https:\/\/yoast.com\/wordpress\/plugins\/seo\/ -->\n<title>Pol\u00edtica de Privacidade - Delab | Jesus Ferreira Consultores<\/title>\n<meta name=\"robots\" content=\"index, follow, max-snippet:-1, max-image-preview:large, max-video-preview:-1\" \/>\n<link rel=\"canonical\" href=\"https:\/\/delab.pt\/?page_id=4934\" \/>\n<meta property=\"og:locale\" content=\"pt_PT\" \/>\n<meta property=\"og:type\" content=\"article\" \/>\n<meta property=\"og:title\" content=\"Pol\u00edtica de Privacidade - Delab | Jesus Ferreira Consultores\" \/>\n<meta property=\"og:url\" content=\"https:\/\/delab.pt\/?page_id=4934\" \/>\n<meta property=\"og:site_name\" content=\"Delab | Jesus Ferreira Consultores\" \/>\n<meta property=\"article:modified_time\" content=\"2025-07-07T11:11:14+00:00\" \/>\n<meta name=\"twitter:card\" content=\"summary_large_image\" \/>\n<meta name=\"twitter:label1\" content=\"Tempo estimado de leitura\" \/>\n\t<meta name=\"twitter:data1\" content=\"2 minutos\" \/>\n<script type=\"application\/ld+json\" class=\"yoast-schema-graph\">{\"@context\":\"https:\/\/schema.org\",\"@graph\":[{\"@type\":\"WebPage\",\"@id\":\"https:\/\/delab.pt\/?page_id=4934\",\"url\":\"https:\/\/delab.pt\/?page_id=4934\",\"name\":\"Pol\u00edtica de Privacidade - Delab | Jesus Ferreira Consultores\",\"isPartOf\":{\"@id\":\"https:\/\/delab.pt\/#website\"},\"datePublished\":\"2025-07-07T11:10:13+00:00\",\"dateModified\":\"2025-07-07T11:11:14+00:00\",\"breadcrumb\":{\"@id\":\"https:\/\/delab.pt\/?page_id=4934#breadcrumb\"},\"inLanguage\":\"pt-PT\",\"potentialAction\":[{\"@type\":\"ReadAction\",\"target\":[\"https:\/\/delab.pt\/?page_id=4934\"]}]},{\"@type\":\"BreadcrumbList\",\"@id\":\"https:\/\/delab.pt\/?page_id=4934#breadcrumb\",\"itemListElement\":[{\"@type\":\"ListItem\",\"position\":1,\"name\":\"In\u00edcio\",\"item\":\"https:\/\/delab.pt\/\"},{\"@type\":\"ListItem\",\"position\":2,\"name\":\"Pol\u00edtica de Privacidade\"}]},{\"@type\":\"WebSite\",\"@id\":\"https:\/\/delab.pt\/#website\",\"url\":\"https:\/\/delab.pt\/\",\"name\":\"Delab | Jesus Ferreira Consultores\",\"description\":\"\",\"potentialAction\":[{\"@type\":\"SearchAction\",\"target\":{\"@type\":\"EntryPoint\",\"urlTemplate\":\"https:\/\/delab.pt\/?s={search_term_string}\"},\"query-input\":{\"@type\":\"PropertyValueSpecification\",\"valueRequired\":true,\"valueName\":\"search_term_string\"}}],\"inLanguage\":\"pt-PT\"}]}<\/script>\n<!-- \/ Yoast SEO plugin. -->","yoast_head_json":{"title":"Pol\u00edtica de Privacidade - Delab | Jesus Ferreira Consultores","robots":{"index":"index","follow":"follow","max-snippet":"max-snippet:-1","max-image-preview":"max-image-preview:large","max-video-preview":"max-video-preview:-1"},"canonical":"https:\/\/delab.pt\/?page_id=4934","og_locale":"pt_PT","og_type":"article","og_title":"Pol\u00edtica de Privacidade - Delab | Jesus Ferreira Consultores","og_url":"https:\/\/delab.pt\/?page_id=4934","og_site_name":"Delab | Jesus Ferreira Consultores","article_modified_time":"2025-07-07T11:11:14+00:00","twitter_card":"summary_large_image","twitter_misc":{"Tempo estimado de leitura":"2 minutos"},"schema":{"@context":"https:\/\/schema.org","@graph":[{"@type":"WebPage","@id":"https:\/\/delab.pt\/?page_id=4934","url":"https:\/\/delab.pt\/?page_id=4934","name":"Pol\u00edtica de Privacidade - Delab | Jesus Ferreira Consultores","isPartOf":{"@id":"https:\/\/delab.pt\/#website"},"datePublished":"2025-07-07T11:10:13+00:00","dateModified":"2025-07-07T11:11:14+00:00","breadcrumb":{"@id":"https:\/\/delab.pt\/?page_id=4934#breadcrumb"},"inLanguage":"pt-PT","potentialAction":[{"@type":"ReadAction","target":["https:\/\/delab.pt\/?page_id=4934"]}]},{"@type":"BreadcrumbList","@id":"https:\/\/delab.pt\/?page_id=4934#breadcrumb","itemListElement":[{"@type":"ListItem","position":1,"name":"In\u00edcio","item":"https:\/\/delab.pt\/"},{"@type":"ListItem","position":2,"name":"Pol\u00edtica de Privacidade"}]},{"@type":"WebSite","@id":"https:\/\/delab.pt\/#website","url":"https:\/\/delab.pt\/","name":"Delab | Jesus Ferreira Consultores","description":"","potentialAction":[{"@type":"SearchAction","target":{"@type":"EntryPoint","urlTemplate":"https:\/\/delab.pt\/?s={search_term_string}"},"query-input":{"@type":"PropertyValueSpecification","valueRequired":true,"valueName":"search_term_string"}}],"inLanguage":"pt-PT"}]}},"_links":{"self":[{"href":"https:\/\/delab.pt\/index.php?rest_route=\/wp\/v2\/pages\/4934","targetHints":{"allow":["GET"]}}],"collection":[{"href":"https:\/\/delab.pt\/index.php?rest_route=\/wp\/v2\/pages"}],"about":[{"href":"https:\/\/delab.pt\/index.php?rest_route=\/wp\/v2\/types\/page"}],"author":[{"embeddable":true,"href":"https:\/\/delab.pt\/index.php?rest_route=\/wp\/v2\/users\/4"}],"replies":[{"embeddable":true,"href":"https:\/\/delab.pt\/index.php?rest_route=%2Fwp%2Fv2%2Fcomments&post=4934"}],"version-history":[{"count":2,"href":"https:\/\/delab.pt\/index.php?rest_route=\/wp\/v2\/pages\/4934\/revisions"}],"predecessor-version":[{"id":4937,"href":"https:\/\/delab.pt\/index.php?rest_route=\/wp\/v2\/pages\/4934\/revisions\/4937"}],"wp:attachment":[{"href":"https:\/\/delab.pt\/index.php?rest_route=%2Fwp%2Fv2%2Fmedia&parent=4934"}],"curies":[{"name":"wp","href":"https:\/\/api.w.org\/{rel}","templated":true}]}}